{"id":2817,"date":"2024-08-10T10:03:17","date_gmt":"2024-08-10T10:03:17","guid":{"rendered":"https:\/\/fitlapcup.com\/?page_id=2817"},"modified":"2025-07-23T12:09:07","modified_gmt":"2025-07-23T12:09:07","slug":"grimmiteenus","status":"publish","type":"page","link":"https:\/\/fitlapcup.com\/en\/grimmiteenus\/","title":{"rendered":"MAKEUP SERVICE"},"content":{"rendered":"<div data-elementor-type=\"wp-page\" data-elementor-id=\"2817\" class=\"elementor elementor-2817\">\n\t\t\t\t<div class=\"elementor-element elementor-element-e69abfd e-flex e-con-boxed e-con e-parent\" data-id=\"e69abfd\" data-element_type=\"container\">\n\t\t\t\t\t<div class=\"e-con-inner\">\n\t\t<div class=\"elementor-element elementor-element-83659d1 e-con-full e-flex e-con e-child\" data-id=\"83659d1\" data-element_type=\"container\">\n\t\t\t\t<\/div>\n\t\t\t\t\t<\/div>\n\t\t\t\t<\/div>\n\t\t<div class=\"elementor-element elementor-element-7273a05 e-flex e-con-boxed e-con e-parent\" data-id=\"7273a05\" data-element_type=\"container\">\n\t\t\t\t\t<div class=\"e-con-inner\">\n\t\t\t\t<div class=\"elementor-element elementor-element-609a9f3 elementor-widget elementor-widget-text-editor\" data-id=\"609a9f3\" data-element_type=\"widget\" data-widget_type=\"text-editor.default\">\n\t\t\t\t<div class=\"elementor-widget-container\">\n\t\t\t\t\t\t\t<p>StageArt Tanning Team has been providing professional bodybuilding and fitness competition tanning services since 2020, drawing on a broad base of experience and expertise.<\/p><p>We are always present until the end of the competition to ensure your tan looks perfect both on stage and in photos.<\/p><p>Tanning service price:<\/p><p>Until 26.09.25 \u2013 \u20ac90 (1 day) and \u20ac135 (2 days).*<\/p><p>From 27.09.25 \u2013 \u20ac110 (1 day) and \u20ac155 (2 days).*<\/p><p>The booking fee is \u20ac30.<\/p><p>The remaining amount can be paid at the competition venue when you come for makeup.<\/p><p>The service includes:<\/p><p>SPRAY MAKEUP<\/p><p>GLAZE<\/p><p>CORRECTIONS<\/p><p>For an additional fee, we offer a TATTOO COVER service. The price depends on the size of the tattoo.<\/p><p>We use only the best JAN TANA products and supplies.<\/p><p>You can find the booking form at <span style=\"color: #0000ff;\"><a style=\"color: #0000ff;\" href=\"https:\/\/beacons.ai\/stageart.team\">HERE<\/a><\/span><\/p><p>If you have any additional questions, please write to: <span style=\"color: #0000ff;\">stageart.tanningteam@gmail.com<\/span><\/p>\t\t\t\t\t\t<\/div>\n\t\t\t\t<\/div>\n\t\t\t\t\t<\/div>\n\t\t\t\t<\/div>\n\t\t\t\t<\/div>","protected":false},"excerpt":{"rendered":"<p>StageArt Tanning Team pakub professionaalset kulturismi ja fitnessi v\u00f5istlusgrimmi teenust aastast 2020 ja toetume laiap\u00f5hjalisele kogemuste pagasile. Oleme alati kohal v\u00f5istluse l\u00f5puni, et grimm oleks ilus nii laval kui ka piltidel. Grimmiteenuse hind: kuni 26.09.25 &#8211;\u00a0 90\u20ac(1 p\u00e4ev) ja 135\u20ac(2 p\u00e4eva).* alates 27.09.25 &#8211; 110\u20ac(1 p\u00e4ev) ja 155\u20ac(2 p\u00e4eva).* *Broneerimistasu on 30\u20ac. \u00dclej\u00e4\u00e4nu saab maksta [&hellip;]<\/p>","protected":false},"author":2,"featured_media":0,"parent":0,"menu_order":0,"comment_status":"closed","ping_status":"closed","template":"","meta":{"site-sidebar-layout":"no-sidebar","site-content-layout":"page-builder","ast-site-content-layout":"full-width-container","site-content-style":"default","site-sidebar-style":"default","ast-global-header-display":"","ast-banner-title-visibility":"","ast-main-header-display":"","ast-hfb-above-header-display":"","ast-hfb-below-header-display":"","ast-hfb-mobile-header-display":"","site-post-title":"disabled","ast-breadcrumbs-content":"","ast-featured-img":"disabled","footer-sml-layout":"","theme-transparent-header-meta":"","adv-header-id-meta":"","stick-header-meta":"","header-above-stick-meta":"","header-main-stick-meta":"","header-below-stick-meta":"","astra-migrate-meta-layouts":"set","ast-page-background-enabled":"default","ast-page-background-meta":{"desktop":{"background-color":"var(--ast-global-color-4)","background-image":"","background-repeat":"repeat","background-position":"center center","background-size":"auto","background-attachment":"scroll","background-type":"","background-media":"","overlay-type":"","overlay-color":"","overlay-opacity":"","overlay-gradient":""},"tablet":{"background-color":"","background-image":"","background-repeat":"repeat","background-position":"center center","background-size":"auto","background-attachment":"scroll","background-type":"","background-media":"","overlay-type":"","overlay-color":"","overlay-opacity":"","overlay-gradient":""},"mobile":{"background-color":"","background-image":"","background-repeat":"repeat","background-position":"center center","background-size":"auto","background-attachment":"scroll","background-type":"","background-media":"","overlay-type":"","overlay-color":"","overlay-opacity":"","overlay-gradient":""}},"ast-content-background-meta":{"desktop":{"background-color":"var(--ast-global-color-5)","background-image":"","background-repeat":"repeat","background-position":"center center","background-size":"auto","background-attachment":"scroll","background-type":"","background-media":"","overlay-type":"","overlay-color":"","overlay-opacity":"","overlay-gradient":""},"tablet":{"background-color":"var(--ast-global-color-5)","background-image":"","background-repeat":"repeat","background-position":"center center","background-size":"auto","background-attachment":"scroll","background-type":"","background-media":"","overlay-type":"","overlay-color":"","overlay-opacity":"","overlay-gradient":""},"mobile":{"background-color":"var(--ast-global-color-5)","background-image":"","background-repeat":"repeat","background-position":"center center","background-size":"auto","background-attachment":"scroll","background-type":"","background-media":"","overlay-type":"","overlay-color":"","overlay-opacity":"","overlay-gradient":""}},"footnotes":""},"class_list":["post-2817","page","type-page","status-publish","hentry"],"_links":{"self":[{"href":"https:\/\/fitlapcup.com\/en\/wp-json\/wp\/v2\/pages\/2817","targetHints":{"allow":["GET"]}}],"collection":[{"href":"https:\/\/fitlapcup.com\/en\/wp-json\/wp\/v2\/pages"}],"about":[{"href":"https:\/\/fitlapcup.com\/en\/wp-json\/wp\/v2\/types\/page"}],"author":[{"embeddable":true,"href":"https:\/\/fitlapcup.com\/en\/wp-json\/wp\/v2\/users\/2"}],"replies":[{"embeddable":true,"href":"https:\/\/fitlapcup.com\/en\/wp-json\/wp\/v2\/comments?post=2817"}],"version-history":[{"count":22,"href":"https:\/\/fitlapcup.com\/en\/wp-json\/wp\/v2\/pages\/2817\/revisions"}],"predecessor-version":[{"id":3014,"href":"https:\/\/fitlapcup.com\/en\/wp-json\/wp\/v2\/pages\/2817\/revisions\/3014"}],"wp:attachment":[{"href":"https:\/\/fitlapcup.com\/en\/wp-json\/wp\/v2\/media?parent=2817"}],"curies":[{"name":"wp","href":"https:\/\/api.w.org\/{rel}","templated":true}]}}