{"id":2735,"date":"2024-07-31T12:25:32","date_gmt":"2024-07-31T12:25:32","guid":{"rendered":"https:\/\/fitlapcup.com\/?page_id=2735"},"modified":"2025-07-23T12:02:01","modified_gmt":"2025-07-23T12:02:01","slug":"hotell","status":"publish","type":"page","link":"https:\/\/fitlapcup.com\/en\/hotell\/","title":{"rendered":"HOTEL"},"content":{"rendered":"<div data-elementor-type=\"wp-page\" data-elementor-id=\"2735\" class=\"elementor elementor-2735\">\n\t\t\t\t<div class=\"elementor-element elementor-element-df8783d e-flex e-con-boxed e-con e-parent\" data-id=\"df8783d\" data-element_type=\"container\">\n\t\t\t\t\t<div class=\"e-con-inner\">\n\t\t\t\t\t<\/div>\n\t\t\t\t<\/div>\n\t\t<div class=\"elementor-element elementor-element-57b22d9 e-flex e-con-boxed e-con e-parent\" data-id=\"57b22d9\" data-element_type=\"container\">\n\t\t\t\t\t<div class=\"e-con-inner\">\n\t\t\t\t<div class=\"elementor-element elementor-element-a351ec1 elementor-widget elementor-widget-heading\" data-id=\"a351ec1\" data-element_type=\"widget\" data-widget_type=\"heading.default\">\n\t\t\t\t<div class=\"elementor-widget-container\">\n\t\t\t<h2 class=\"elementor-heading-title elementor-size-default\">\nThe official competition hotel is Ibis Styles Tallinn. \n<\/h2>\t\t<\/div>\n\t\t\t\t<\/div>\n\t\t\t\t\t<\/div>\n\t\t\t\t<\/div>\n\t\t<div class=\"elementor-element elementor-element-2af9a1a e-flex e-con-boxed e-con e-parent\" data-id=\"2af9a1a\" data-element_type=\"container\">\n\t\t\t\t\t<div class=\"e-con-inner\">\n\t\t\t\t<div class=\"elementor-element elementor-element-66ba34a elementor-widget elementor-widget-text-editor\" data-id=\"66ba34a\" data-element_type=\"widget\" data-widget_type=\"text-editor.default\">\n\t\t\t\t<div class=\"elementor-widget-container\">\n\t\t\t\t\t\t\t<p>A stylish and creative hotel in the heart of Tallinn<\/p><p>\u00a0<\/p><p>The recently renovated ibis Styles Tallinn (formerly known as Hotel L\u2019Ermitage) brings a visually inspiring new vibe to Tallinn\u2019s hotel scene. The hotel\u2019s design cleverly blends 1960s modernism with vintage photography motifs, offering 122 uniquely styled rooms, several of which feature private saunas \u2013 perfect for relaxing after a day in the city.<\/p><p>\u00a0<\/p><p>The hotel is perfect for a weekend getaway, business trip, or family vacation.\nFor business guests, a stylish conference room is available, and in the lobby, a fun photo booth awaits \u2013 so every moment is worth capturing.<\/p><p>\u00a0<\/p><p>\ud83d\udccd Aadress: Toompuiestee 19, Tallinn<\/p><p>\ud83d\udcde Telefon: +372 699 6400<\/p><p>\ud83d\udd17 Rohkem infot: ibis Styles Tallinn<\/p><p>\u00a0<\/p><p>Standard \/ Superior room for one person: \u20ac75, including breakfast<\/p><p>Standard \/ Superior room for two persons: \u20ac85, including breakfast<\/p><p>\u00a0<\/p><p>Book your room <a href=\"http:\/\/all.accor.com\/lien_externe.svlt?goto=spec_rate&amp;ragp=1&amp;showEco=2&amp;libelle_tarif=1&amp;sub=ISP&amp;nom_ville=C1M7,A9N7&amp;jour_arrivee=16&amp;mois_arrivee=10&amp;annee_arrivee=2025&amp;nb_nuit=4&amp;adultNumber=1&amp;code_chaine=ALL&amp;code_avantage=FITLAP&amp;RA1=FITLAP&amp;sourceid=FITLAP&amp;merchantid=PPC-AccorEE\">HERE<\/a><\/p><p><strong>\u00a0<\/strong><\/p><p><strong>Ibis Tallinn Center<\/strong><\/p><p>\u00a0<\/p><p>\u00a0 \u00a0<\/p><p>Comfort, modernity, and affordability on the edge of the city center.<\/p><p>\u00a0<\/p><p>Ibis Tallinn Center offers modern and soundproof accommodation just a short walk from Tallinn\u2019s Old Town. Some rooms are even equipped with a private sauna. Guests can enjoy a cozy and homely atmosphere, complemented by Charlie\u2019s Corner \u2013 a friendly and welcoming restaurant-caf\u00e9 where delicious food and drinks await.<\/p><p>\u00a0<\/p><p>Thanks to its excellent location, free Wi-Fi, and comfortable rooms, this hotel is ideal for both business travelers and leisure guests.<\/p><p>\u00a0<\/p><p>Address: Juhkentali 28, Tallinn<\/p><p>\ud83d\udcde Telefon: +372 699 4499<\/p><p>More information: ibis Tallinn Center<\/p><p>\u00a0<\/p><p>Standard Room:<\/p><p>For one person: \u20ac70 \/ night<\/p><p>For two people: \u20ac80 \/ night<\/p><p>\u00a0<\/p><p>Book your room <a href=\"http:\/\/all.accor.com\/lien_externe.svlt?goto=spec_rate&amp;ragp=1&amp;showEco=2&amp;libelle_tarif=1&amp;sub=ISP&amp;nom_ville=C1M7,A9N7&amp;jour_arrivee=16&amp;mois_arrivee=10&amp;annee_arrivee=2025&amp;nb_nuit=4&amp;adultNumber=1&amp;code_chaine=ALL&amp;code_avantage=FITLAP&amp;RA1=FITLAP&amp;sourceid=FITLAP&amp;merchantid=PPC-AccorEE\">HERE<\/a><\/p>\t\t\t\t\t\t<\/div>\n\t\t\t\t<\/div>\n\t\t\t\t\t<\/div>\n\t\t\t\t<\/div>\n\t\t\t\t<\/div>","protected":false},"excerpt":{"rendered":"<p>V\u00f5istluste ametlikud hotellid on Ibis Styles Tallinn. Stiilne ja loov hotell Tallinna s\u00fcdames \u00a0 Hiljuti renoveeritud ibis Styles Tallinn (endine L\u2019Ermitage hotell) toob Tallinna hotellimaastikule visuaalselt inspireeriva hingamise. Hotelli disain \u00fchendab nutikalt 60ndate modernismi ja vintage-fotograafia motiivid, pakkudes 122 oman\u00e4olist tuba, millest mitmel on ka privaatne saun \u2013 ideaalne l\u00f5\u00f5gastuseks p\u00e4rast p\u00e4eva linnas. \u00a0 Hotell [&hellip;]<\/p>","protected":false},"author":2,"featured_media":0,"parent":0,"menu_order":0,"comment_status":"closed","ping_status":"closed","template":"","meta":{"site-sidebar-layout":"no-sidebar","site-content-layout":"page-builder","ast-site-content-layout":"full-width-container","site-content-style":"default","site-sidebar-style":"default","ast-global-header-display":"","ast-banner-title-visibility":"","ast-main-header-display":"","ast-hfb-above-header-display":"","ast-hfb-below-header-display":"","ast-hfb-mobile-header-display":"","site-post-title":"disabled","ast-breadcrumbs-content":"","ast-featured-img":"disabled","footer-sml-layout":"","theme-transparent-header-meta":"","adv-header-id-meta":"","stick-header-meta":"","header-above-stick-meta":"","header-main-stick-meta":"","header-below-stick-meta":"","astra-migrate-meta-layouts":"set","ast-page-background-enabled":"default","ast-page-background-meta":{"desktop":{"background-color":"var(--ast-global-color-4)","background-image":"","background-repeat":"repeat","background-position":"center center","background-size":"auto","background-attachment":"scroll","background-type":"","background-media":"","overlay-type":"","overlay-color":"","overlay-opacity":"","overlay-gradient":""},"tablet":{"background-color":"","background-image":"","background-repeat":"repeat","background-position":"center center","background-size":"auto","background-attachment":"scroll","background-type":"","background-media":"","overlay-type":"","overlay-color":"","overlay-opacity":"","overlay-gradient":""},"mobile":{"background-color":"","background-image":"","background-repeat":"repeat","background-position":"center center","background-size":"auto","background-attachment":"scroll","background-type":"","background-media":"","overlay-type":"","overlay-color":"","overlay-opacity":"","overlay-gradient":""}},"ast-content-background-meta":{"desktop":{"background-color":"var(--ast-global-color-5)","background-image":"","background-repeat":"repeat","background-position":"center center","background-size":"auto","background-attachment":"scroll","background-type":"","background-media":"","overlay-type":"","overlay-color":"","overlay-opacity":"","overlay-gradient":""},"tablet":{"background-color":"var(--ast-global-color-5)","background-image":"","background-repeat":"repeat","background-position":"center center","background-size":"auto","background-attachment":"scroll","background-type":"","background-media":"","overlay-type":"","overlay-color":"","overlay-opacity":"","overlay-gradient":""},"mobile":{"background-color":"var(--ast-global-color-5)","background-image":"","background-repeat":"repeat","background-position":"center center","background-size":"auto","background-attachment":"scroll","background-type":"","background-media":"","overlay-type":"","overlay-color":"","overlay-opacity":"","overlay-gradient":""}},"footnotes":""},"class_list":["post-2735","page","type-page","status-publish","hentry"],"_links":{"self":[{"href":"https:\/\/fitlapcup.com\/en\/wp-json\/wp\/v2\/pages\/2735","targetHints":{"allow":["GET"]}}],"collection":[{"href":"https:\/\/fitlapcup.com\/en\/wp-json\/wp\/v2\/pages"}],"about":[{"href":"https:\/\/fitlapcup.com\/en\/wp-json\/wp\/v2\/types\/page"}],"author":[{"embeddable":true,"href":"https:\/\/fitlapcup.com\/en\/wp-json\/wp\/v2\/users\/2"}],"replies":[{"embeddable":true,"href":"https:\/\/fitlapcup.com\/en\/wp-json\/wp\/v2\/comments?post=2735"}],"version-history":[{"count":13,"href":"https:\/\/fitlapcup.com\/en\/wp-json\/wp\/v2\/pages\/2735\/revisions"}],"predecessor-version":[{"id":2995,"href":"https:\/\/fitlapcup.com\/en\/wp-json\/wp\/v2\/pages\/2735\/revisions\/2995"}],"wp:attachment":[{"href":"https:\/\/fitlapcup.com\/en\/wp-json\/wp\/v2\/media?parent=2735"}],"curies":[{"name":"wp","href":"https:\/\/api.w.org\/{rel}","templated":true}]}}