{"id":1773,"date":"2024-02-27T08:44:06","date_gmt":"2024-02-27T08:44:06","guid":{"rendered":"https:\/\/fitlapcup.com\/?page_id=1773"},"modified":"2025-07-24T11:03:55","modified_gmt":"2025-07-24T11:03:55","slug":"aladetutvustus","status":"publish","type":"page","link":"https:\/\/fitlapcup.com\/en\/aladetutvustus\/","title":{"rendered":"SCHEDULE"},"content":{"rendered":"<div data-elementor-type=\"wp-page\" data-elementor-id=\"1773\" class=\"elementor elementor-1773\">\n\t\t\t\t<div class=\"elementor-element elementor-element-3224e13 e-flex e-con-boxed e-con e-parent\" data-id=\"3224e13\" data-element_type=\"container\">\n\t\t\t\t\t<div class=\"e-con-inner\">\n\t\t\t\t<div class=\"elementor-element elementor-element-1dd8ce6 elementor-widget elementor-widget-text-editor\" data-id=\"1dd8ce6\" data-element_type=\"widget\" data-widget_type=\"text-editor.default\">\n\t\t\t\t<div class=\"elementor-widget-container\">\n\t\t\t\t\t\t\t<p style=\"text-align: center;\"><strong>Schedule<\/strong><\/p>\n<p><u>October 17th, 2025 (Friday)\nRegistration for all athletes and all contests: 16:00 \u2013 22:00 at Sparta Sports Club <\/u>Registration \/ Weigh-in \/ Measurement \u2013 at Sparta Sports Club, in the training classroom on the 2nd floor. Mandatory for all competitors, regardless of the category or competition they are participating in.<\/p>\n<p><br><\/p>\n<p class=\"translation-block\">October 18 \u2013 Fitness Challenge starts at 10:00 AM in the expo area.<\/p>\n<p>Fitlap Cup beginners' competition starts at <em>11:00<\/em>.<\/p>\n<p class=\"translation-block\">October 19 \u2013 Fitlap Cup international competition starts at 10:00 AM<\/p>\n<p>A more detailed schedule will be announced after the end of pre-registration.<\/p>\t\t\t\t\t\t<\/div>\n\t\t\t\t<\/div>\n\t\t\t\t\t<\/div>\n\t\t\t\t<\/div>\n\t\t\t\t<\/div>","protected":false},"excerpt":{"rendered":"<p>Ajakava 17.oktoober kell 16.00 \u2013 22.00 registreerimine \/ kaalumine \/ m\u00f5\u00f5tmine \u2013 Sparta Spordiklubis koolitusklassis II korrusel. K\u00f5ikidele v\u00f5istlejatele s\u00f5ltumata sellest, millises kategoorias v\u00f5i v\u00f5istlusel nad v\u00f5istlevad. 18.oktoober Fitness Challenge algus kell&nbsp; 10.00 messialas. Fitlap Cup algajate v\u00f5istluse algus kell 11:00. 19.oktoober Fitlap Cup rahvusvaheline v\u00f5istlus algus kell 10.00 T\u00e4psem ajakava selgub peale eelregistreerimise l\u00f5ppu.<\/p>","protected":false},"author":2,"featured_media":0,"parent":0,"menu_order":0,"comment_status":"closed","ping_status":"closed","template":"","meta":{"site-sidebar-layout":"no-sidebar","site-content-layout":"page-builder","ast-site-content-layout":"full-width-container","site-content-style":"default","site-sidebar-style":"default","ast-global-header-display":"","ast-banner-title-visibility":"","ast-main-header-display":"","ast-hfb-above-header-display":"","ast-hfb-below-header-display":"","ast-hfb-mobile-header-display":"","site-post-title":"disabled","ast-breadcrumbs-content":"","ast-featured-img":"disabled","footer-sml-layout":"","theme-transparent-header-meta":"","adv-header-id-meta":"","stick-header-meta":"","header-above-stick-meta":"","header-main-stick-meta":"","header-below-stick-meta":"","astra-migrate-meta-layouts":"set","ast-page-background-enabled":"default","ast-page-background-meta":{"desktop":{"background-color":"var(--ast-global-color-4)","background-image":"","background-repeat":"repeat","background-position":"center center","background-size":"auto","background-attachment":"scroll","background-type":"","background-media":"","overlay-type":"","overlay-color":"","overlay-opacity":"","overlay-gradient":""},"tablet":{"background-color":"","background-image":"","background-repeat":"repeat","background-position":"center center","background-size":"auto","background-attachment":"scroll","background-type":"","background-media":"","overlay-type":"","overlay-color":"","overlay-opacity":"","overlay-gradient":""},"mobile":{"background-color":"","background-image":"","background-repeat":"repeat","background-position":"center center","background-size":"auto","background-attachment":"scroll","background-type":"","background-media":"","overlay-type":"","overlay-color":"","overlay-opacity":"","overlay-gradient":""}},"ast-content-background-meta":{"desktop":{"background-color":"var(--ast-global-color-5)","background-image":"","background-repeat":"repeat","background-position":"center center","background-size":"auto","background-attachment":"scroll","background-type":"","background-media":"","overlay-type":"","overlay-color":"","overlay-opacity":"","overlay-gradient":""},"tablet":{"background-color":"var(--ast-global-color-5)","background-image":"","background-repeat":"repeat","background-position":"center center","background-size":"auto","background-attachment":"scroll","background-type":"","background-media":"","overlay-type":"","overlay-color":"","overlay-opacity":"","overlay-gradient":""},"mobile":{"background-color":"var(--ast-global-color-5)","background-image":"","background-repeat":"repeat","background-position":"center center","background-size":"auto","background-attachment":"scroll","background-type":"","background-media":"","overlay-type":"","overlay-color":"","overlay-opacity":"","overlay-gradient":""}},"footnotes":""},"class_list":["post-1773","page","type-page","status-publish","hentry"],"_links":{"self":[{"href":"https:\/\/fitlapcup.com\/en\/wp-json\/wp\/v2\/pages\/1773","targetHints":{"allow":["GET"]}}],"collection":[{"href":"https:\/\/fitlapcup.com\/en\/wp-json\/wp\/v2\/pages"}],"about":[{"href":"https:\/\/fitlapcup.com\/en\/wp-json\/wp\/v2\/types\/page"}],"author":[{"embeddable":true,"href":"https:\/\/fitlapcup.com\/en\/wp-json\/wp\/v2\/users\/2"}],"replies":[{"embeddable":true,"href":"https:\/\/fitlapcup.com\/en\/wp-json\/wp\/v2\/comments?post=1773"}],"version-history":[{"count":87,"href":"https:\/\/fitlapcup.com\/en\/wp-json\/wp\/v2\/pages\/1773\/revisions"}],"predecessor-version":[{"id":3041,"href":"https:\/\/fitlapcup.com\/en\/wp-json\/wp\/v2\/pages\/1773\/revisions\/3041"}],"wp:attachment":[{"href":"https:\/\/fitlapcup.com\/en\/wp-json\/wp\/v2\/media?parent=1773"}],"curies":[{"name":"wp","href":"https:\/\/api.w.org\/{rel}","templated":true}]}}